{"id":7,"date":"2016-11-03T15:18:01","date_gmt":"2016-11-03T12:18:01","guid":{"rendered":"https:\/\/unicetlogistics.com\/?page_id=7"},"modified":"2024-08-16T11:48:23","modified_gmt":"2024-08-16T08:48:23","slug":"unicet-logistics","status":"publish","type":"page","link":"https:\/\/unicetlogistics.com\/en\/","title":{"rendered":"UNICET LOGISTICS"},"content":{"rendered":"<p>[vc_row full_width=&#8221;stretch_row_content_no_spaces&#8221;][vc_column][rev_slider_vc alias=&#8221;home-2&#8243;][\/vc_column][\/vc_row][vc_row][vc_column][trx_sc_services type=&#8221;list&#8221; featured=&#8221;icon&#8221; featured_position=&#8221;top&#8221; hide_excerpt=&#8221;&#8221; icons_animation=&#8221;&#8221; cat=&#8221;22&#8243; count=&#8221;6&#8243; columns=&#8221;3&#8243; slider=&#8221;&#8221; slider_pagination=&#8221;&#8221; slides_space=&#8221;15&#8243; title_style=&#8221;default&#8221; title_align=&#8221;default&#8221; title=&#8221;&#8221; subtitle=&#8221;&#8221; description=&#8221;&#8221; link=&#8221;&#8221; link_text=&#8221;&#8221; link_image=&#8221;&#8221; scheme=&#8221;inherit&#8221; id=&#8221;&#8221; class=&#8221;&#8221; css=&#8221;.vc_custom_1677151919123{margin-top: -3.13em !important;}&#8221; interval=&#8221;3000&#8243;][\/vc_column][\/vc_row][vc_row full_width=&#8221;stretch_row&#8221; css=&#8221;.vc_custom_1676888784589{background-image: url(https:\/\/unicetlogistics.com\/wp-content\/uploads\/2023\/02\/slider-3.jpg?id=1371) !important;}&#8221;][vc_column][vc_empty_space height=&#8221;11.4em&#8221; alter_height=&#8221;none&#8221; hide_on_mobile=&#8221;&#8221;][trx_sc_title title_style=&#8221;default&#8221; title_align=&#8221;center&#8221; title=&#8221;Benzersiz hizmet kalitesiyle<br \/>\n<mark>g\u00fcvenilir \u00e7\u00f6z\u00fcm orta\u011f\u0131<\/mark>&#8221; subtitle=&#8221;&#8221; description=&#8221;&#8221; scheme=&#8221;dark&#8221; id=&#8221;&#8221; class=&#8221;&#8221; css=&#8221;&#8221;][vc_empty_space height=&#8221;3em&#8221; alter_height=&#8221;none&#8221; hide_on_mobile=&#8221;&#8221;][trx_sc_skills type=&#8221;counter&#8221; max=&#8221;400&#8243; values=&#8221;%5B%7B%22title%22%3A%22Farkl%C4%B1%20%C3%9Clke%22%2C%22value%22%3A%2250%22%2C%22icon_type%22%3A%22fontawesome%22%2C%22icon_fontawesome%22%3A%22icon-sphere%22%7D%2C%7B%22title%22%3A%22Yerel%20Acente%22%2C%22value%22%3A%22250%20%2B%22%2C%22icon_type%22%3A%22fontawesome%22%2C%22icon_fontawesome%22%3A%22icon-2%22%7D%2C%7B%22title%22%3A%22Mutlu%20M%C3%BC%C5%9Fteri%22%2C%22value%22%3A%22124%22%2C%22icon_type%22%3A%22fontawesome%22%2C%22icon_fontawesome%22%3A%22icon-3%22%7D%5D&#8221; filled=&#8221;&#8221; compact=&#8221;&#8221; color=&#8221;&#8221; border_color=&#8221;&#8221; id=&#8221;&#8221; class=&#8221;&#8221; css=&#8221;&#8221; back_color=&#8221;&#8221; columns=&#8221;3&#8243; title=&#8221;&#8221; subtitle=&#8221;&#8221; description=&#8221;&#8221; link=&#8221;&#8221; link_text=&#8221;&#8221; link_image=&#8221;&#8221; cutout=&#8221;&#8221; title_style=&#8221;default&#8221; title_align=&#8221;default&#8221;][vc_empty_space height=&#8221;10em&#8221; alter_height=&#8221;none&#8221; hide_on_mobile=&#8221;&#8221;][\/vc_column][\/vc_row][vc_row full_width=&#8221;stretch_row&#8221; css=&#8221;.vc_custom_1479831211045{background-color: #f7f6f2 !important;}&#8221;][vc_column][vc_empty_space height=&#8221;5.2em&#8221; alter_height=&#8221;none&#8221; hide_on_mobile=&#8221;&#8221;][\/vc_column][\/vc_row][vc_row full_width=&#8221;stretch_row&#8221; css=&#8221;.vc_custom_1478523240618{background-image: url(https:\/\/unicetlogistics.com\/wp-content\/uploads\/2016\/11\/bg-1-copyright.jpg?id=494) !important;}&#8221;][vc_column width=&#8221;1\/2&#8243; offset=&#8221;vc_hidden-sm vc_hidden-xs&#8221;][vc_single_image image=&#8221;495&#8243; img_size=&#8221;full&#8221;][\/vc_column][vc_column offset=&#8221;vc_col-lg-6 vc_col-md-6&#8243;][vc_empty_space height=&#8221;8.3em&#8221; alter_height=&#8221;none&#8221; hide_on_mobile=&#8221;&#8221;][trx_sc_content type=&#8221;default&#8221; size=&#8221;none&#8221; float=&#8221;none&#8221; align=&#8221;none&#8221; padding=&#8221;none&#8221; title_style=&#8221;default&#8221; title_align=&#8221;default&#8221; title=&#8221;Size nas\u0131l yard\u0131mc\u0131 olabiliriz?&#8221; subtitle=&#8221;\u0130leti\u015fime ge\u00e7in&#8221; description=&#8221;&#8221; link=&#8221;&#8221; link_text=&#8221;&#8221; link_image=&#8221;&#8221; scheme=&#8221;inherit&#8221; id=&#8221;&#8221; class=&#8221;&#8221; css=&#8221;&#8221;][vc_empty_space height=&#8221;3em&#8221; alter_height=&#8221;none&#8221; hide_on_mobile=&#8221;&#8221;]\n<div class=\"wpcf7 no-js\" id=\"wpcf7-f806-o1\" lang=\"en-US\" dir=\"ltr\">\n<div class=\"screen-reader-response\"><p role=\"status\" aria-live=\"polite\" aria-atomic=\"true\"><\/p> <ul><\/ul><\/div>\n<form action=\"\/en\/wp-json\/wp\/v2\/pages\/7#wpcf7-f806-o1\" method=\"post\" class=\"wpcf7-form init\" aria-label=\"Contact form\" novalidate=\"novalidate\" data-status=\"init\">\n<div style=\"display: none;\">\n<input type=\"hidden\" name=\"_wpcf7\" value=\"806\" \/>\n<input type=\"hidden\" name=\"_wpcf7_version\" value=\"5.9.8\" \/>\n<input type=\"hidden\" name=\"_wpcf7_locale\" value=\"en_US\" \/>\n<input type=\"hidden\" name=\"_wpcf7_unit_tag\" value=\"wpcf7-f806-o1\" \/>\n<input type=\"hidden\" name=\"_wpcf7_container_post\" value=\"0\" \/>\n<input type=\"hidden\" name=\"_wpcf7_posted_data_hash\" value=\"\" \/>\n<input type=\"hidden\" name=\"lang\" value=\"en\" \/>\n<\/div>\n<div class=\"columns_wrap\">\n\t<div class=\"column-1_2\">\n\t\t<p><span class=\"wpcf7-form-control-wrap\" data-name=\"your-name\"><input size=\"40\" maxlength=\"400\" class=\"wpcf7-form-control wpcf7-text wpcf7-validates-as-required\" aria-required=\"true\" aria-invalid=\"false\" placeholder=\"Ad Soyad\" value=\"\" type=\"text\" name=\"your-name\" \/><\/span>\n\t\t<\/p>\n\t<\/div>\n\t<div class=\"column-1_2\">\n\t\t<p><span class=\"wpcf7-form-control-wrap\" data-name=\"your-email\"><input size=\"40\" maxlength=\"400\" class=\"wpcf7-form-control wpcf7-email wpcf7-validates-as-required wpcf7-text wpcf7-validates-as-email\" aria-required=\"true\" aria-invalid=\"false\" placeholder=\"E-Posta\" value=\"\" type=\"email\" name=\"your-email\" \/><\/span>\n\t\t<\/p>\n\t<\/div>\n\t<div class=\"column-1_2\">\n\t\t<p><span class=\"wpcf7-form-control-wrap\" data-name=\"your-transport\"><select class=\"wpcf7-form-control wpcf7-select\" aria-invalid=\"false\" name=\"your-transport\"><option value=\"Konu\">Konu<\/option><option value=\"Hizmetler\">Hizmetler<\/option><option value=\"Muhasebe\">Muhasebe<\/option><\/select><\/span>\n\t\t<\/p>\n\t<\/div>\n\t<div class=\"column-1_2\">\n\t\t<p><span class=\"wpcf7-form-control-wrap\" data-name=\"your-freight\"><select class=\"wpcf7-form-control wpcf7-select\" aria-invalid=\"false\" name=\"your-freight\"><option value=\"Kategori 2\">Kategori 2<\/option><option value=\"ABC\">ABC<\/option><option value=\"ABKHB\">ABKHB<\/option><\/select><\/span>\n\t\t<\/p>\n\t<\/div>\n<\/div>\n<div>\n\t<p><span class=\"wpcf7-form-control-wrap\" data-name=\"your-message\"><textarea cols=\"40\" rows=\"4\" maxlength=\"2000\" class=\"wpcf7-form-control wpcf7-textarea\" aria-invalid=\"false\" placeholder=\"Mesaj\u0131n\u0131z\" name=\"your-message\"><\/textarea><\/span>\n\t<\/p>\n<\/div>\n<div>\n\t<p><span class=\"wpcf7-form-control-wrap\" data-name=\"acceptance-157\"><span class=\"wpcf7-form-control wpcf7-acceptance\"><span class=\"wpcf7-list-item\"><label><input type=\"checkbox\" name=\"acceptance-157\" value=\"1\" aria-invalid=\"false\" \/><span class=\"wpcf7-list-item-label\">kvkk ve gizlilik ko\u015fullar\u0131n\u0131 onayl\u0131yorum.<\/span><\/label><\/span><\/span><\/span>\n\t<\/p>\n<\/div>\n<p><input class=\"wpcf7-form-control wpcf7-submit has-spinner\" type=\"submit\" value=\"G\u00f6nder\" \/>\n<\/p><div class=\"wpcf7-response-output\" aria-hidden=\"true\"><\/div>\n<\/form>\n<\/div>\n[\/trx_sc_content][vc_empty_space height=&#8221;6.2em&#8221; alter_height=&#8221;none&#8221; hide_on_mobile=&#8221;&#8221;][\/vc_column][\/vc_row][vc_row full_width=&#8221;stretch_row&#8221; css=&#8221;.vc_custom_1479831223376{background-color: #f7f6f2 !important;}&#8221;][vc_column][vc_empty_space height=&#8221;3.2em&#8221; alter_height=&#8221;none&#8221; hide_on_mobile=&#8221;&#8221;][\/vc_column][\/vc_row][vc_row full_width=&#8221;stretch_row&#8221; css=&#8221;.vc_custom_1479831215363{background-color: #f7f6f2 !important;}&#8221;][vc_column width=&#8221;2\/3&#8243;][vc_column_text]<\/p>\n<h3>UNICET Logistics&#8217;te kariyer olanaklar\u0131na g\u00f6z at\u0131n<\/h3>\n<p>[\/vc_column_text][\/vc_column][vc_column width=&#8221;1\/3&#8243;][trx_sc_button type=&#8221;default&#8221; size=&#8221;normal&#8221; link=&#8221;\/kariyer\/&#8221; title=&#8221;Kariyer&#8221; subtitle=&#8221;&#8221; align=&#8221;right&#8221; text_align=&#8221;none&#8221; back_image=&#8221;&#8221; icon_type=&#8221;fontawesome&#8221; icon_fontawesome=&#8221;icon-right&#8221; image=&#8221;&#8221; icon_position=&#8221;right&#8221; id=&#8221;&#8221; class=&#8221;&#8221; css=&#8221;.vc_custom_1676976644876{margin-top: 8px !important;}&#8221;][\/vc_column][\/vc_row][vc_row full_width=&#8221;stretch_row_content_no_spaces&#8221;][vc_column offset=&#8221;vc_hidden-lg vc_hidden-md vc_hidden-sm vc_hidden-xs&#8221;][trx_sc_action type=&#8221;simple&#8221; columns=&#8221;1&#8243; slider=&#8221;&#8221; slider_pagination=&#8221;&#8221; slides_space=&#8221;0&#8243; actions=&#8221;%5B%7B%22position%22%3A%22mc%22%2C%22title%22%3A%22250%20den%20fazla%20yerel%20acente%22%2C%22subtitle%22%3A%2250%20farkl%C4%B1%20%C3%BClkede%22%2C%22link%22%3A%22%2Filetisim%2F%22%2C%22link_text%22%3A%22%C4%B0leti%C5%9Fim%22%2C%22bg_image%22%3A%22532%22%2C%22icon_type%22%3A%22fontawesome%22%7D%5D&#8221; title_style=&#8221;default&#8221; title_align=&#8221;center&#8221; title=&#8221;&#8221; subtitle=&#8221;&#8221; description=&#8221;&#8221; link=&#8221;&#8221; link_text=&#8221;&#8221; link_image=&#8221;&#8221; height=&#8221;&#8221; full_height=&#8221;&#8221; scheme=&#8221;dark&#8221; id=&#8221;&#8221; class=&#8221;&#8221; css=&#8221;&#8221;][\/vc_column][\/vc_row][vc_row][vc_column][vc_basic_grid post_type=&#8221;page&#8221; max_items=&#8221;5&#8243; show_filter=&#8221;yes&#8221; gap=&#8221;20&#8243; grid_id=&#8221;vc_gid:1723798166081-ab4530a8b2ef7a04122a488a41e25231-2&#8243; filter_source=&#8221;category&#8221;][\/vc_column][\/vc_row]<\/p>\n","protected":false},"excerpt":{"rendered":"<p>[vc_row full_width=&#8221;stretch_row_content_no_spaces&#8221;][vc_column][rev_slider_vc alias=&#8221;home-2&#8243;][\/vc_column][\/vc_row][vc_row][vc_column][trx_sc_services type=&#8221;list&#8221; featured=&#8221;icon&#8221; featured_position=&#8221;top&#8221; hide_excerpt=&#8221;&#8221; icons_animation=&#8221;&#8221; cat=&#8221;22&#8243; count=&#8221;6&#8243; columns=&#8221;3&#8243; slider=&#8221;&#8221; slider_pagination=&#8221;&#8221; slides_space=&#8221;15&#8243; title_style=&#8221;default&#8221; title_align=&#8221;default&#8221; title=&#8221;&#8221; subtitle=&#8221;&#8221; description=&#8221;&#8221; link=&#8221;&#8221; link_text=&#8221;&#8221; link_image=&#8221;&#8221; scheme=&#8221;inherit&#8221; id=&#8221;&#8221; class=&#8221;&#8221; css=&#8221;.vc_custom_1677151919123{margin-top: -3.13em !important;}&#8221; interval=&#8221;3000&#8243;][\/vc_column][\/vc_row][vc_row full_width=&#8221;stretch_row&#8221; css=&#8221;.vc_custom_1676888784589{background-image: url(https:\/\/unicetlogistics.com\/wp-content\/uploads\/2023\/02\/slider-3.jpg?id=1371) !important;}&#8221;][vc_column][vc_empty_space height=&#8221;11.4em&#8221; alter_height=&#8221;none&#8221; hide_on_mobile=&#8221;&#8221;][trx_sc_title title_style=&#8221;default&#8221; title_align=&#8221;center&#8221; title=&#8221;Benzersiz hizmet kalitesiyle g\u00fcvenilir \u00e7\u00f6z\u00fcm orta\u011f\u0131&#8221; subtitle=&#8221;&#8221; description=&#8221;&#8221; scheme=&#8221;dark&#8221; id=&#8221;&#8221; class=&#8221;&#8221; css=&#8221;&#8221;][vc_empty_space height=&#8221;3em&#8221; alter_height=&#8221;none&#8221; hide_on_mobile=&#8221;&#8221;][trx_sc_skills type=&#8221;counter&#8221; max=&#8221;400&#8243; values=&#8221;%5B%7B%22title%22%3A%22Farkl%C4%B1%20%C3%9Clke%22%2C%22value%22%3A%2250%22%2C%22icon_type%22%3A%22fontawesome%22%2C%22icon_fontawesome%22%3A%22icon-sphere%22%7D%2C%7B%22title%22%3A%22Yerel%20Acente%22%2C%22value%22%3A%22250%20%2B%22%2C%22icon_type%22%3A%22fontawesome%22%2C%22icon_fontawesome%22%3A%22icon-2%22%7D%2C%7B%22title%22%3A%22Mutlu%20M%C3%BC%C5%9Fteri%22%2C%22value%22%3A%22124%22%2C%22icon_type%22%3A%22fontawesome%22%2C%22icon_fontawesome%22%3A%22icon-3%22%7D%5D&#8221; filled=&#8221;&#8221; compact=&#8221;&#8221; color=&#8221;&#8221; border_color=&#8221;&#8221;&hellip;<\/p>\n","protected":false},"author":1,"featured_media":0,"parent":0,"menu_order":0,"comment_status":"closed","ping_status":"closed","template":"","meta":{"footnotes":""},"class_list":["post-7","page","type-page","status-publish","hentry"],"_links":{"self":[{"href":"https:\/\/unicetlogistics.com\/en\/wp-json\/wp\/v2\/pages\/7","targetHints":{"allow":["GET"]}}],"collection":[{"href":"https:\/\/unicetlogistics.com\/en\/wp-json\/wp\/v2\/pages"}],"about":[{"href":"https:\/\/unicetlogistics.com\/en\/wp-json\/wp\/v2\/types\/page"}],"author":[{"embeddable":true,"href":"https:\/\/unicetlogistics.com\/en\/wp-json\/wp\/v2\/users\/1"}],"replies":[{"embeddable":true,"href":"https:\/\/unicetlogistics.com\/en\/wp-json\/wp\/v2\/comments?post=7"}],"version-history":[{"count":32,"href":"https:\/\/unicetlogistics.com\/en\/wp-json\/wp\/v2\/pages\/7\/revisions"}],"predecessor-version":[{"id":1684,"href":"https:\/\/unicetlogistics.com\/en\/wp-json\/wp\/v2\/pages\/7\/revisions\/1684"}],"wp:attachment":[{"href":"https:\/\/unicetlogistics.com\/en\/wp-json\/wp\/v2\/media?parent=7"}],"curies":[{"name":"wp","href":"https:\/\/api.w.org\/{rel}","templated":true}]}}