{"id":25,"date":"2016-11-03T15:19:49","date_gmt":"2016-11-03T12:19:49","guid":{"rendered":"https:\/\/unicetlogistics.com\/?page_id=25"},"modified":"2023-02-24T11:34:53","modified_gmt":"2023-02-24T08:34:53","slug":"iletisim","status":"publish","type":"page","link":"https:\/\/unicetlogistics.com\/en\/iletisim\/","title":{"rendered":"Contact Us"},"content":{"rendered":"<p>[vc_row][vc_column width=&#8221;1\/3&#8243;][vc_column_text]<\/p>\n<h1>Find Us<\/h1>\n<p>UNICET GLOBAL LOJ\u0130ST\u0130K S\u0130STEMLER\u0130 LTD. \u015eT\u0130.[\/vc_column_text][vc_empty_space height=&#8221;2.2em&#8221; alter_height=&#8221;none&#8221; hide_on_mobile=&#8221;&#8221;][vc_column_text]<\/p>\n<address>Address: Turgut \u00d6zal Mah. 67. Sok. Empire \u0130stanbul Residence K:4 D:84 34513 Esenyurt-\u0130stanbul-T\u00dcRK\u0130YE<\/p>\n<p>Phone: <a href=\"tel:009085060695967\">+90 850 606 95 96<\/a> &#8211; <a href=\"tel:00902127414747\">+90 212 741 47 47<\/a><br \/>\nEmail: <a href=\"mailto: info@unicetlogistics.com\"> info@unicetlogistics.com<\/a><\/address>\n<p>[\/vc_column_text][\/vc_column][vc_column width=&#8221;2\/3&#8243;][trx_sc_title title_style=&#8221;default&#8221; title_align=&#8221;left&#8221; title=&#8221;Send Message&#8221; subtitle=&#8221;&#8221; description=&#8221;&#8221; scheme=&#8221;inherit&#8221; id=&#8221;&#8221; class=&#8221;&#8221; css=&#8221;.vc_custom_1554367574324{margin-bottom: 2.62em !important;}&#8221;]\n<div class=\"wpcf7 no-js\" id=\"wpcf7-f1163-o1\" lang=\"en-US\" dir=\"ltr\">\n<div class=\"screen-reader-response\"><p role=\"status\" aria-live=\"polite\" aria-atomic=\"true\"><\/p> <ul><\/ul><\/div>\n<form action=\"\/en\/wp-json\/wp\/v2\/pages\/25#wpcf7-f1163-o1\" method=\"post\" class=\"wpcf7-form init\" aria-label=\"Contact form\" novalidate=\"novalidate\" data-status=\"init\">\n<div style=\"display: none;\">\n<input type=\"hidden\" name=\"_wpcf7\" value=\"1163\" \/>\n<input type=\"hidden\" name=\"_wpcf7_version\" value=\"5.9.8\" \/>\n<input type=\"hidden\" name=\"_wpcf7_locale\" value=\"en_US\" \/>\n<input type=\"hidden\" name=\"_wpcf7_unit_tag\" value=\"wpcf7-f1163-o1\" \/>\n<input type=\"hidden\" name=\"_wpcf7_container_post\" value=\"0\" \/>\n<input type=\"hidden\" name=\"_wpcf7_posted_data_hash\" value=\"\" \/>\n<input type=\"hidden\" name=\"lang\" value=\"en\" \/>\n<\/div>\n<div class=\"contact_us\">\n\t<div class=\"flex\">\n\t\t<div class='itm row' >\n\t\t\t<p><span class=\"wpcf7-form-control-wrap\" data-name=\"your-name\"><input size=\"40\" maxlength=\"400\" class=\"wpcf7-form-control wpcf7-text wpcf7-validates-as-required\" aria-required=\"true\" aria-invalid=\"false\" placeholder=\"Your name*\" value=\"\" type=\"text\" name=\"your-name\" \/><\/span>\n\t\t\t<\/p>\n\t\t<\/div>\n\t\t<div class='itm row'>\n\t\t\t<p><span class=\"wpcf7-form-control-wrap\" data-name=\"your-email\"><input size=\"40\" maxlength=\"400\" class=\"wpcf7-form-control wpcf7-email wpcf7-validates-as-required wpcf7-text wpcf7-validates-as-email\" aria-required=\"true\" aria-invalid=\"false\" placeholder=\"Your e-mail*\" value=\"\" type=\"email\" name=\"your-email\" \/><\/span>\n\t\t\t<\/p>\n\t\t<\/div>\n\t<\/div>\n\t<div class=''>\n\t\t<p><span class=\"wpcf7-form-control-wrap\" data-name=\"your-message\"><textarea cols=\"40\" rows=\"10\" maxlength=\"2000\" class=\"wpcf7-form-control wpcf7-textarea wpcf7-validates-as-required\" aria-required=\"true\" aria-invalid=\"false\" placeholder=\"Your message*\" name=\"your-message\"><\/textarea><\/span>\n\t\t<\/p>\n\t<\/div>\n\t<div>\n\t\t<p><span class=\"wpcf7-form-control-wrap\" data-name=\"acceptance-157\"><span class=\"wpcf7-form-control wpcf7-acceptance\"><span class=\"wpcf7-list-item\"><label><input type=\"checkbox\" name=\"acceptance-157\" value=\"1\" aria-invalid=\"false\" \/><span class=\"wpcf7-list-item-label\">I agree that my submitted data is being collected and stored.<\/span><\/label><\/span><\/span><\/span>\n\t\t<\/p>\n\t<\/div>\n\t<div class=\"sc_form_field sc_form_field_button sc_form_field_submit\">\n\t\t<p><input class=\"wpcf7-form-control wpcf7-submit has-spinner\" type=\"submit\" value=\"Send Message\" \/>\n\t\t<\/p>\n\t<\/div>\n<\/div><div class=\"wpcf7-response-output\" aria-hidden=\"true\"><\/div>\n<\/form>\n<\/div>\n[\/vc_column][\/vc_row][vc_row full_width=&#8221;stretch_row_content_no_spaces&#8221;][vc_column][trx_sc_googlemap type=&#8221;default&#8221; style=&#8221;default&#8221; zoom=&#8221;15&#8243; width=&#8221;100%&#8221; height=&#8221;540&#8243; markers=&#8221;%5B%7B%22address%22%3A%22Empire%20%C4%B0stanbul%22%2C%22icon%22%3A%22479%22%2C%22title%22%3A%22UNICET%20LOGISTICS%22%2C%22description%22%3A%22Empire%20%C4%B0stanbul%20Residence%20K%3A%204%20D%3A%2084%5Cn%22%7D%5D&#8221; title_style=&#8221;default&#8221; title_align=&#8221;default&#8221; title=&#8221;&#8221; subtitle=&#8221;&#8221; description=&#8221;&#8221; link=&#8221;&#8221; link_text=&#8221;&#8221; link_image=&#8221;&#8221; scheme=&#8221;inherit&#8221; id=&#8221;&#8221; class=&#8221;&#8221; css=&#8221;&#8221;][\/trx_sc_googlemap][vc_empty_space height=&#8221;9.4em&#8221; alter_height=&#8221;none&#8221; hide_on_mobile=&#8221;&#8221;][\/vc_column][\/vc_row]<\/p>\n","protected":false},"excerpt":{"rendered":"<p>[vc_row][vc_column width=&#8221;1\/3&#8243;][vc_column_text] Find Us UNICET GLOBAL LOJ\u0130ST\u0130K S\u0130STEMLER\u0130 LTD. \u015eT\u0130.[\/vc_column_text][vc_empty_space height=&#8221;2.2em&#8221; alter_height=&#8221;none&#8221; hide_on_mobile=&#8221;&#8221;][vc_column_text] Address: Turgut \u00d6zal Mah. 67. Sok. Empire \u0130stanbul Residence K:4 D:84 34513 Esenyurt-\u0130stanbul-T\u00dcRK\u0130YE Phone: +90 850 606 95 96 &#8211; +90 212 741 47 47 Email: info@unicetlogistics.com [\/vc_column_text][\/vc_column][vc_column width=&#8221;2\/3&#8243;][trx_sc_title title_style=&#8221;default&#8221; title_align=&#8221;left&#8221; title=&#8221;Send Message&#8221; subtitle=&#8221;&#8221; description=&#8221;&#8221; scheme=&#8221;inherit&#8221; id=&#8221;&#8221; class=&#8221;&#8221; css=&#8221;.vc_custom_1554367574324{margin-bottom: 2.62em !important;}&#8221;][\/vc_column][\/vc_row][vc_row full_width=&#8221;stretch_row_content_no_spaces&#8221;][vc_column][trx_sc_googlemap type=&#8221;default&#8221; style=&#8221;default&#8221; zoom=&#8221;15&#8243; width=&#8221;100%&#8221; height=&#8221;540&#8243;&hellip;<\/p>\n","protected":false},"author":1,"featured_media":0,"parent":0,"menu_order":0,"comment_status":"closed","ping_status":"closed","template":"","meta":{"footnotes":""},"class_list":["post-25","page","type-page","status-publish","hentry"],"_links":{"self":[{"href":"https:\/\/unicetlogistics.com\/en\/wp-json\/wp\/v2\/pages\/25","targetHints":{"allow":["GET"]}}],"collection":[{"href":"https:\/\/unicetlogistics.com\/en\/wp-json\/wp\/v2\/pages"}],"about":[{"href":"https:\/\/unicetlogistics.com\/en\/wp-json\/wp\/v2\/types\/page"}],"author":[{"embeddable":true,"href":"https:\/\/unicetlogistics.com\/en\/wp-json\/wp\/v2\/users\/1"}],"replies":[{"embeddable":true,"href":"https:\/\/unicetlogistics.com\/en\/wp-json\/wp\/v2\/comments?post=25"}],"version-history":[{"count":19,"href":"https:\/\/unicetlogistics.com\/en\/wp-json\/wp\/v2\/pages\/25\/revisions"}],"predecessor-version":[{"id":1566,"href":"https:\/\/unicetlogistics.com\/en\/wp-json\/wp\/v2\/pages\/25\/revisions\/1566"}],"wp:attachment":[{"href":"https:\/\/unicetlogistics.com\/en\/wp-json\/wp\/v2\/media?parent=25"}],"curies":[{"name":"wp","href":"https:\/\/api.w.org\/{rel}","templated":true}]}}